{"id":30,"date":"2017-03-27T09:05:27","date_gmt":"2017-03-27T09:05:27","guid":{"rendered":"http:\/\/s617423868.online.de\/?page_id=30"},"modified":"2022-12-20T19:05:34","modified_gmt":"2022-12-20T19:05:34","slug":"unsere-allgemeinen-geschaeftsbedingungen","status":"publish","type":"page","link":"https:\/\/feinraum-immobilien.de\/en\/unsere-allgemeinen-geschaeftsbedingungen","title":{"rendered":"Our terms and conditions"},"content":{"rendered":"<div data-elementor-type=\"wp-page\" data-elementor-id=\"30\" class=\"elementor elementor-30\" data-elementor-post-type=\"page\">\n\t\t\t\t\t\t<section class=\"elementor-section elementor-top-section elementor-element elementor-element-2c0a9fa4 elementor-section-boxed elementor-section-height-default elementor-section-height-default\" data-id=\"2c0a9fa4\" data-element_type=\"section\" data-e-type=\"section\">\n\t\t\t\t\t\t<div class=\"elementor-container elementor-column-gap-default\">\n\t\t\t\t\t<div class=\"elementor-column elementor-col-100 elementor-top-column elementor-element elementor-element-3bf86f4c\" data-id=\"3bf86f4c\" data-element_type=\"column\" data-e-type=\"column\">\n\t\t\t<div class=\"elementor-widget-wrap elementor-element-populated\">\n\t\t\t\t\t\t<div class=\"elementor-element elementor-element-429a2da2 elementor-widget elementor-widget-text-editor\" data-id=\"429a2da2\" data-element_type=\"widget\" data-e-type=\"widget\" data-widget_type=\"text-editor.default\">\n\t\t\t\t<div class=\"elementor-widget-container\">\n\t\t\t\t\t\t\t\t\t<header class=\"entry-header\"><h2 class=\"entry-title\">Our terms and conditions<\/h2><\/header><div class=\"entry-content clearfix\"><p>The information contained in our offer is based on information provided to us. We endeavor to obtain as complete and correct information as possible about property data and contractual partners. Unfortunately, we cannot accept liability for their correctness and completeness.<\/p><p>\u00a0<\/p><p>Unsere Angebote sind freibleibend und unverbindlich und sind nur f\u00fcr den Empf\u00e4nger bestimmt.<\/p><p>\u00a0<\/p><p>Wir m\u00f6chten darauf hinweisen, dass bei Angeboten, die an Dritte weitergegeben werden, der Empf\u00e4nger bis zur H\u00f6he der vollen Provision haften kann.<\/p><p>\u00a0<\/p><p>We may act for both the seller and the buyer in return for payment.<\/p><p>\u00a0<\/p><p>The agency fee or proof fee is due when a purchase contract or rental contract is concluded.<\/p><p>\u00a0<\/p><p>Please understand that you can only contact the seller or landlord and view the interior through us.<\/p><p>\u00a0<\/p><p>The acceptance of these offers, queries or inspections require the acceptance of our general terms and conditions. Oral agreements only apply provided that they have been confirmed by us in writing.<\/p><p>feinRAUM Immobilien<br \/>Daniela Wolpert (owner)<br \/>Karl-Gr\u00fcneklee-Str. 22a<br \/>37077 G\u00f6ttingen<\/p><\/div>\t\t\t\t\t\t\t\t<\/div>\n\t\t\t\t<\/div>\n\t\t\t\t\t<\/div>\n\t\t<\/div>\n\t\t\t\t\t<\/div>\n\t\t<\/section>\n\t\t\t\t<\/div>","protected":false},"excerpt":{"rendered":"<p>Unsere allgemeinen Gesch\u00e4ftsbedingungen Die in unserem Angebot enthaltenen Angaben basieren auf uns erteilte Informationen. Wir bem\u00fchen uns, \u00fcber Objektdaten und Vertragspartner m\u00f6glichst vollst\u00e4ndige und richtige Angaben zu erhalten. Eine Haftung f\u00fcr deren Richtigkeit und Vollst\u00e4ndigkeit k\u00f6nnen wir jedoch leider nicht \u00fcbernehmen. \u00a0 Unsere Angebote sind freibleibend und unverbindlich und sind nur f\u00fcr den Empf\u00e4nger bestimmt. [&hellip;]<\/p>\n","protected":false},"author":1,"featured_media":0,"parent":0,"menu_order":0,"comment_status":"closed","ping_status":"closed","template":"","meta":{"footnotes":""},"class_list":["post-30","page","type-page","status-publish","hentry"],"yoast_head":"<!-- This site is optimized with the Yoast SEO plugin v27.4 - https:\/\/yoast.com\/product\/yoast-seo-wordpress\/ -->\n<title>Unsere allgemeinen Gesch\u00e4ftsbedingungen - feinRAUM Immobilien Daniela Wolpert<\/title>\n<meta name=\"robots\" content=\"noindex, follow\" \/>\n<meta property=\"og:locale\" content=\"en_US\" \/>\n<meta property=\"og:type\" content=\"article\" \/>\n<meta property=\"og:title\" content=\"Unsere allgemeinen Gesch\u00e4ftsbedingungen - feinRAUM Immobilien Daniela Wolpert\" \/>\n<meta property=\"og:description\" content=\"Unsere allgemeinen Gesch\u00e4ftsbedingungen Die in unserem Angebot enthaltenen Angaben basieren auf uns erteilte Informationen. Wir bem\u00fchen uns, \u00fcber Objektdaten und Vertragspartner m\u00f6glichst vollst\u00e4ndige und richtige Angaben zu erhalten. Eine Haftung f\u00fcr deren Richtigkeit und Vollst\u00e4ndigkeit k\u00f6nnen wir jedoch leider nicht \u00fcbernehmen. \u00a0 Unsere Angebote sind freibleibend und unverbindlich und sind nur f\u00fcr den Empf\u00e4nger bestimmt. [&hellip;]\" \/>\n<meta property=\"og:url\" content=\"https:\/\/feinraum-immobilien.de\/en\/unsere-allgemeinen-geschaeftsbedingungen\" \/>\n<meta property=\"og:site_name\" content=\"feinRAUM Immobilien Daniela Wolpert\" \/>\n<meta property=\"article:modified_time\" content=\"2022-12-20T19:05:34+00:00\" \/>\n<meta name=\"twitter:card\" content=\"summary_large_image\" \/>\n<meta name=\"twitter:label1\" content=\"Est. reading time\" \/>\n\t<meta name=\"twitter:data1\" content=\"1 minute\" \/>\n<script type=\"application\/ld+json\" class=\"yoast-schema-graph\">{\"@context\":\"https:\\\/\\\/schema.org\",\"@graph\":[{\"@type\":\"WebPage\",\"@id\":\"https:\\\/\\\/feinraum-immobilien.de\\\/en\\\/unsere-allgemeinen-geschaeftsbedingungen\",\"url\":\"https:\\\/\\\/feinraum-immobilien.de\\\/en\\\/unsere-allgemeinen-geschaeftsbedingungen\",\"name\":\"Unsere allgemeinen Gesch\u00e4ftsbedingungen - feinRAUM Immobilien Daniela Wolpert\",\"isPartOf\":{\"@id\":\"https:\\\/\\\/feinraum-immobilien.de\\\/#website\"},\"datePublished\":\"2017-03-27T09:05:27+00:00\",\"dateModified\":\"2022-12-20T19:05:34+00:00\",\"breadcrumb\":{\"@id\":\"https:\\\/\\\/feinraum-immobilien.de\\\/en\\\/unsere-allgemeinen-geschaeftsbedingungen#breadcrumb\"},\"inLanguage\":\"en-US\",\"potentialAction\":[{\"@type\":\"ReadAction\",\"target\":[\"https:\\\/\\\/feinraum-immobilien.de\\\/en\\\/unsere-allgemeinen-geschaeftsbedingungen\"]}]},{\"@type\":\"BreadcrumbList\",\"@id\":\"https:\\\/\\\/feinraum-immobilien.de\\\/en\\\/unsere-allgemeinen-geschaeftsbedingungen#breadcrumb\",\"itemListElement\":[{\"@type\":\"ListItem\",\"position\":1,\"name\":\"Startseite\",\"item\":\"https:\\\/\\\/feinraum-immobilien.de\\\/\"},{\"@type\":\"ListItem\",\"position\":2,\"name\":\"Unsere allgemeinen Gesch\u00e4ftsbedingungen\"}]},{\"@type\":\"WebSite\",\"@id\":\"https:\\\/\\\/feinraum-immobilien.de\\\/#website\",\"url\":\"https:\\\/\\\/feinraum-immobilien.de\\\/\",\"name\":\"feinRAUM Immobilien Daniela Wolpert\",\"description\":\"Immobilienmakler in G\u00f6ttingen\",\"publisher\":{\"@id\":\"https:\\\/\\\/feinraum-immobilien.de\\\/#organization\"},\"potentialAction\":[{\"@type\":\"SearchAction\",\"target\":{\"@type\":\"EntryPoint\",\"urlTemplate\":\"https:\\\/\\\/feinraum-immobilien.de\\\/?s={search_term_string}\"},\"query-input\":{\"@type\":\"PropertyValueSpecification\",\"valueRequired\":true,\"valueName\":\"search_term_string\"}}],\"inLanguage\":\"en-US\"},{\"@type\":\"Organization\",\"@id\":\"https:\\\/\\\/feinraum-immobilien.de\\\/#organization\",\"name\":\"feinRAUM Immobilien\",\"url\":\"https:\\\/\\\/feinraum-immobilien.de\\\/\",\"logo\":{\"@type\":\"ImageObject\",\"inLanguage\":\"en-US\",\"@id\":\"https:\\\/\\\/feinraum-immobilien.de\\\/#\\\/schema\\\/logo\\\/image\\\/\",\"url\":\"https:\\\/\\\/feinraum-immobilien.de\\\/wp-content\\\/uploads\\\/2017\\\/03\\\/Logo-feinraum-druck-final.png\",\"contentUrl\":\"https:\\\/\\\/feinraum-immobilien.de\\\/wp-content\\\/uploads\\\/2017\\\/03\\\/Logo-feinraum-druck-final.png\",\"width\":198,\"height\":227,\"caption\":\"feinRAUM Immobilien\"},\"image\":{\"@id\":\"https:\\\/\\\/feinraum-immobilien.de\\\/#\\\/schema\\\/logo\\\/image\\\/\"}}]}<\/script>\n<!-- \/ Yoast SEO plugin. -->","yoast_head_json":{"title":"Unsere allgemeinen Gesch\u00e4ftsbedingungen - feinRAUM Immobilien Daniela Wolpert","robots":{"index":"noindex","follow":"follow"},"og_locale":"en_US","og_type":"article","og_title":"Unsere allgemeinen Gesch\u00e4ftsbedingungen - feinRAUM Immobilien Daniela Wolpert","og_description":"Unsere allgemeinen Gesch\u00e4ftsbedingungen Die in unserem Angebot enthaltenen Angaben basieren auf uns erteilte Informationen. Wir bem\u00fchen uns, \u00fcber Objektdaten und Vertragspartner m\u00f6glichst vollst\u00e4ndige und richtige Angaben zu erhalten. Eine Haftung f\u00fcr deren Richtigkeit und Vollst\u00e4ndigkeit k\u00f6nnen wir jedoch leider nicht \u00fcbernehmen. \u00a0 Unsere Angebote sind freibleibend und unverbindlich und sind nur f\u00fcr den Empf\u00e4nger bestimmt. [&hellip;]","og_url":"https:\/\/feinraum-immobilien.de\/en\/unsere-allgemeinen-geschaeftsbedingungen","og_site_name":"feinRAUM Immobilien Daniela Wolpert","article_modified_time":"2022-12-20T19:05:34+00:00","twitter_card":"summary_large_image","twitter_misc":{"Est. reading time":"1 minute"},"schema":{"@context":"https:\/\/schema.org","@graph":[{"@type":"WebPage","@id":"https:\/\/feinraum-immobilien.de\/en\/unsere-allgemeinen-geschaeftsbedingungen","url":"https:\/\/feinraum-immobilien.de\/en\/unsere-allgemeinen-geschaeftsbedingungen","name":"Unsere allgemeinen Gesch\u00e4ftsbedingungen - feinRAUM Immobilien Daniela Wolpert","isPartOf":{"@id":"https:\/\/feinraum-immobilien.de\/#website"},"datePublished":"2017-03-27T09:05:27+00:00","dateModified":"2022-12-20T19:05:34+00:00","breadcrumb":{"@id":"https:\/\/feinraum-immobilien.de\/en\/unsere-allgemeinen-geschaeftsbedingungen#breadcrumb"},"inLanguage":"en-US","potentialAction":[{"@type":"ReadAction","target":["https:\/\/feinraum-immobilien.de\/en\/unsere-allgemeinen-geschaeftsbedingungen"]}]},{"@type":"BreadcrumbList","@id":"https:\/\/feinraum-immobilien.de\/en\/unsere-allgemeinen-geschaeftsbedingungen#breadcrumb","itemListElement":[{"@type":"ListItem","position":1,"name":"Startseite","item":"https:\/\/feinraum-immobilien.de\/"},{"@type":"ListItem","position":2,"name":"Unsere allgemeinen Gesch\u00e4ftsbedingungen"}]},{"@type":"WebSite","@id":"https:\/\/feinraum-immobilien.de\/#website","url":"https:\/\/feinraum-immobilien.de\/","name":"feinRAUM Immobilien Daniela Wolpert","description":"Immobilienmakler in G\u00f6ttingen","publisher":{"@id":"https:\/\/feinraum-immobilien.de\/#organization"},"potentialAction":[{"@type":"SearchAction","target":{"@type":"EntryPoint","urlTemplate":"https:\/\/feinraum-immobilien.de\/?s={search_term_string}"},"query-input":{"@type":"PropertyValueSpecification","valueRequired":true,"valueName":"search_term_string"}}],"inLanguage":"en-US"},{"@type":"Organization","@id":"https:\/\/feinraum-immobilien.de\/#organization","name":"feinRAUM Immobilien","url":"https:\/\/feinraum-immobilien.de\/","logo":{"@type":"ImageObject","inLanguage":"en-US","@id":"https:\/\/feinraum-immobilien.de\/#\/schema\/logo\/image\/","url":"https:\/\/feinraum-immobilien.de\/wp-content\/uploads\/2017\/03\/Logo-feinraum-druck-final.png","contentUrl":"https:\/\/feinraum-immobilien.de\/wp-content\/uploads\/2017\/03\/Logo-feinraum-druck-final.png","width":198,"height":227,"caption":"feinRAUM Immobilien"},"image":{"@id":"https:\/\/feinraum-immobilien.de\/#\/schema\/logo\/image\/"}}]}},"_links":{"self":[{"href":"https:\/\/feinraum-immobilien.de\/en\/wp-json\/wp\/v2\/pages\/30","targetHints":{"allow":["GET"]}}],"collection":[{"href":"https:\/\/feinraum-immobilien.de\/en\/wp-json\/wp\/v2\/pages"}],"about":[{"href":"https:\/\/feinraum-immobilien.de\/en\/wp-json\/wp\/v2\/types\/page"}],"author":[{"embeddable":true,"href":"https:\/\/feinraum-immobilien.de\/en\/wp-json\/wp\/v2\/users\/1"}],"replies":[{"embeddable":true,"href":"https:\/\/feinraum-immobilien.de\/en\/wp-json\/wp\/v2\/comments?post=30"}],"version-history":[{"count":23,"href":"https:\/\/feinraum-immobilien.de\/en\/wp-json\/wp\/v2\/pages\/30\/revisions"}],"predecessor-version":[{"id":7513,"href":"https:\/\/feinraum-immobilien.de\/en\/wp-json\/wp\/v2\/pages\/30\/revisions\/7513"}],"wp:attachment":[{"href":"https:\/\/feinraum-immobilien.de\/en\/wp-json\/wp\/v2\/media?parent=30"}],"curies":[{"name":"wp","href":"https:\/\/api.w.org\/{rel}","templated":true}]}}