{"id":3926,"date":"2021-04-07T18:42:43","date_gmt":"2021-04-07T18:42:43","guid":{"rendered":"https:\/\/www.feinraum-immobilien.de\/?page_id=3926"},"modified":"2021-12-01T17:53:12","modified_gmt":"2021-12-01T17:53:12","slug":"impressum","status":"publish","type":"page","link":"https:\/\/feinraum-immobilien.de\/en\/impressum","title":{"rendered":"imprint"},"content":{"rendered":"<div data-elementor-type=\"wp-page\" data-elementor-id=\"3926\" class=\"elementor elementor-3926\" data-elementor-post-type=\"page\">\n\t\t\t\t\t\t<section class=\"elementor-section elementor-top-section elementor-element elementor-element-7f476c16 elementor-section-boxed elementor-section-height-default elementor-section-height-default\" data-id=\"7f476c16\" data-element_type=\"section\" data-e-type=\"section\">\n\t\t\t\t\t\t<div class=\"elementor-container elementor-column-gap-default\">\n\t\t\t\t\t<div class=\"elementor-column elementor-col-100 elementor-top-column elementor-element elementor-element-176b57c2\" data-id=\"176b57c2\" data-element_type=\"column\" data-e-type=\"column\">\n\t\t\t<div class=\"elementor-widget-wrap elementor-element-populated\">\n\t\t\t\t\t\t<div class=\"elementor-element elementor-element-217a5d4f elementor-widget elementor-widget-heading\" data-id=\"217a5d4f\" data-element_type=\"widget\" data-e-type=\"widget\" data-widget_type=\"heading.default\">\n\t\t\t\t<div class=\"elementor-widget-container\">\n\t\t\t\t\t<h1 class=\"elementor-heading-title elementor-size-default\">imprint<\/h1>\t\t\t\t<\/div>\n\t\t\t\t<\/div>\n\t\t\t\t<div class=\"elementor-element elementor-element-3a2174bc elementor-widget elementor-widget-text-editor\" data-id=\"3a2174bc\" data-element_type=\"widget\" data-e-type=\"widget\" data-widget_type=\"text-editor.default\">\n\t\t\t\t<div class=\"elementor-widget-container\">\n\t\t\t\t\t\t\t\t\t<header><h2>Angaben gem\u00e4\u00df \u00a7 5 TMG:<\/h2><\/header><div><p>Daniela Wolpert<br \/>feinRAUM Immobilien<br \/>Karl-Gr\u00fcneklee-Str. 22a<br \/>37077\u00a0G\u00f6ttingen<\/p><h2>Kontakt:<\/h2><p>Telefon: 0551 770 770 15<br \/>Telefax: 0551 770 770 16<br \/>E-Mail: info@feinraum-immobilien.de<\/p><h2>Umsatzsteuer-ID:<\/h2><p>Umsatzsteuer-Identifikationsnummer gem\u00e4\u00df \u00a727 a Umsatzsteuergesetz:<\/p><p>USt-IdNr.: DE337424115<\/p><h2>Angaben zur Berufshaftpflichtversicherung:<\/h2><p>Name und Sitz der\u00a0Gesellschaft:<\/p><p>Hiscox Insurance Company Ltd.<br \/>Hiscox Europe Underwriting Limited<br \/>Zweigniederlassung f\u00fcr die Bundesrepublik Deutschland<br \/>Hauptbevollm\u00e4chtigter: Robert<br \/>Dietrich<\/p><p>Arnulfstra\u00dfe 31<br \/>80636 M\u00fcnchen<\/p><p>Geltungsraum der Versicherung:<br \/>Deutschland<\/p><h2>Hinweis auf EU-Streitschlichtung<\/h2><p>Die Europ\u00e4ische Kommission stellt eine\u00a0Plattform zur Online-Streitbeilegung (OS) bereit: <a href=\"http:\/\/ec.europa.eu\/consumers\/odr\">http:\/\/ec.europa.eu\/consumers\/odr<\/a><br \/>Unsere E-Mail-Adresse\u00a0finden sie oben im Impressum.<\/p><p>\u00a0<\/p><h1>Haftungsausschluss (Disclaimer)<\/h1><p><strong>Haftung f\u00fcr Inhalte<\/strong><\/p><p>Als\u00a0Diensteanbieter sind wir gem\u00e4\u00df \u00a7 7 Abs.1 TMG f\u00fcr eigene Inhalte auf diesen Seiten nach<br \/>den allgemeinen Gesetzen verantwortlich. Nach \u00a7\u00a7 8 bis 10 TMG sind wir als Diensteanbieter jedoch\u00a0nicht verpflichtet, \u00fcbermittelte oder gespeicherte fremde Informationen zu \u00fcberwachen oder nach\u00a0Umst\u00e4nden zu forschen, die auf eine rechtswidrige T\u00e4tigkeit hinweisen. Verpflichtungen zur\u00a0Entfernung oder Sperrung der Nutzung von Informationen nach den allgemeinen Gesetzen bleiben hiervon\u00a0unber\u00fchrt. Eine diesbez\u00fcgliche Haftung ist jedoch erst ab dem Zeitpunkt der Kenntnis einer\u00a0konkreten Rechtsverletzung m\u00f6glich. Bei Bekanntwerden von entsprechenden Rechtsverletzungen werden\u00a0wir diese Inhalte umgehend entfernen.<\/p><p><strong>Haftung f\u00fcr Links<\/strong><\/p><p>Unser\u00a0Angebot enth\u00e4lt Links zu externen Webseiten Dritter, auf deren Inhalte wir keinen Einfluss haben. Deshalb\u00a0k\u00f6nnen wir f\u00fcr diese fremden Inhalte auch keine Gew\u00e4hr \u00fcbernehmen. F\u00fcr die\u00a0Inhalte der verlinkten Seiten ist stets der jeweilige Anbieter oder Betreiber der Seiten verantwortlich. Die\u00a0verlinkten Seiten wurden zum Zeitpunkt der Verlinkung auf m\u00f6gliche Rechtsverst\u00f6\u00dfe\u00a0\u00fcberpr\u00fcft. Rechtswidrige Inhalte waren zum Zeitpunkt der Verlinkung nicht erkennbar. Eine\u00a0permanente inhaltliche Kontrolle der verlinkten Seiten ist jedoch ohne konkrete Anhaltspunkte einer\u00a0Rechtsverletzung nicht zumutbar. Bei Bekanntwerden von Rechtsverletzungen werden wir derartige Links\u00a0umgehend entfernen.<\/p><p><strong>Urheberrecht<\/strong><\/p><p>Die durch die Seitenbetreiber erstellten\u00a0Inhalte und Werke auf diesen Seiten unterliegen dem deutschen Urheberrecht. Die Vervielf\u00e4ltigung,\u00a0Bearbeitung, Verbreitung und jede Art der Verwertung au\u00dferhalb der Grenzen des Urheberrechtes\u00a0bed\u00fcrfen der schriftlichen Zustimmung des jeweiligen Autors bzw. Erstellers. Downloads und Kopien dieser\u00a0Seite sind nur f\u00fcr den privaten, nicht kommerziellen Gebrauch gestattet. Soweit die Inhalte auf dieser Seite\u00a0nicht vom Betreiber erstellt wurden, werden die Urheberrechte Dritter beachtet. Insbesondere werden Inhalte\u00a0Dritter als solche gekennzeichnet. Sollten Sie trotzdem auf eine Urheberrechtsverletzung aufmerksam werden,\u00a0bitten wir um einen entsprechenden Hinweis. Bei Bekanntwerden von Rechtsverletzungen werden wir derartige\u00a0Inhalte umgehend entfernen.<\/p><p>Quelle:<br \/>https:\/\/www.e-recht24.de\/impressum-generator.html<\/p><\/div>\t\t\t\t\t\t\t\t<\/div>\n\t\t\t\t<\/div>\n\t\t\t\t\t<\/div>\n\t\t<\/div>\n\t\t\t\t\t<\/div>\n\t\t<\/section>\n\t\t\t\t<\/div>","protected":false},"excerpt":{"rendered":"<p>Impressum Angaben gem\u00e4\u00df \u00a7 5 TMG: Daniela WolpertfeinRAUM ImmobilienKarl-Gr\u00fcneklee-Str. 22a37077\u00a0G\u00f6ttingen Kontakt: Telefon: 0551 770 770 15Telefax: 0551 770 770 16E-Mail: info@feinraum-immobilien.de Umsatzsteuer-ID: Umsatzsteuer-Identifikationsnummer gem\u00e4\u00df \u00a727 a Umsatzsteuergesetz: USt-IdNr.: DE337424115 Angaben zur Berufshaftpflichtversicherung: Name und Sitz der\u00a0Gesellschaft: Hiscox Insurance Company Ltd.Hiscox Europe Underwriting LimitedZweigniederlassung f\u00fcr die Bundesrepublik DeutschlandHauptbevollm\u00e4chtigter: RobertDietrich Arnulfstra\u00dfe 3180636 M\u00fcnchen Geltungsraum der Versicherung:Deutschland Hinweis [&hellip;]<\/p>\n","protected":false},"author":1,"featured_media":0,"parent":0,"menu_order":0,"comment_status":"closed","ping_status":"closed","template":"","meta":{"footnotes":""},"class_list":["post-3926","page","type-page","status-publish","hentry"],"yoast_head":"<!-- This site is optimized with the Yoast SEO plugin v27.4 - https:\/\/yoast.com\/product\/yoast-seo-wordpress\/ -->\n<title>Impressum - feinRAUM Immobilien Daniela Wolpert<\/title>\n<meta name=\"robots\" content=\"noindex, nofollow\" \/>\n<meta property=\"og:locale\" content=\"en_US\" \/>\n<meta property=\"og:type\" content=\"article\" \/>\n<meta property=\"og:title\" content=\"Impressum - feinRAUM Immobilien Daniela Wolpert\" \/>\n<meta property=\"og:description\" content=\"Impressum Angaben gem\u00e4\u00df \u00a7 5 TMG: Daniela WolpertfeinRAUM ImmobilienKarl-Gr\u00fcneklee-Str. 22a37077\u00a0G\u00f6ttingen Kontakt: Telefon: 0551 770 770 15Telefax: 0551 770 770 16E-Mail: info@feinraum-immobilien.de Umsatzsteuer-ID: Umsatzsteuer-Identifikationsnummer gem\u00e4\u00df \u00a727 a Umsatzsteuergesetz: USt-IdNr.: DE337424115 Angaben zur Berufshaftpflichtversicherung: Name und Sitz der\u00a0Gesellschaft: Hiscox Insurance Company Ltd.Hiscox Europe Underwriting LimitedZweigniederlassung f\u00fcr die Bundesrepublik DeutschlandHauptbevollm\u00e4chtigter: RobertDietrich Arnulfstra\u00dfe 3180636 M\u00fcnchen Geltungsraum der Versicherung:Deutschland Hinweis [&hellip;]\" \/>\n<meta property=\"og:url\" content=\"https:\/\/feinraum-immobilien.de\/en\/impressum\" \/>\n<meta property=\"og:site_name\" content=\"feinRAUM Immobilien Daniela Wolpert\" \/>\n<meta property=\"article:modified_time\" content=\"2021-12-01T17:53:12+00:00\" \/>\n<meta name=\"twitter:card\" content=\"summary_large_image\" \/>\n<meta name=\"twitter:label1\" content=\"Est. reading time\" \/>\n\t<meta name=\"twitter:data1\" content=\"2 minutes\" \/>\n<script type=\"application\/ld+json\" class=\"yoast-schema-graph\">{\"@context\":\"https:\\\/\\\/schema.org\",\"@graph\":[{\"@type\":\"WebPage\",\"@id\":\"https:\\\/\\\/feinraum-immobilien.de\\\/en\\\/impressum\",\"url\":\"https:\\\/\\\/feinraum-immobilien.de\\\/en\\\/impressum\",\"name\":\"Impressum - feinRAUM Immobilien Daniela Wolpert\",\"isPartOf\":{\"@id\":\"https:\\\/\\\/feinraum-immobilien.de\\\/#website\"},\"datePublished\":\"2021-04-07T18:42:43+00:00\",\"dateModified\":\"2021-12-01T17:53:12+00:00\",\"breadcrumb\":{\"@id\":\"https:\\\/\\\/feinraum-immobilien.de\\\/en\\\/impressum#breadcrumb\"},\"inLanguage\":\"en-US\",\"potentialAction\":[{\"@type\":\"ReadAction\",\"target\":[\"https:\\\/\\\/feinraum-immobilien.de\\\/en\\\/impressum\"]}]},{\"@type\":\"BreadcrumbList\",\"@id\":\"https:\\\/\\\/feinraum-immobilien.de\\\/en\\\/impressum#breadcrumb\",\"itemListElement\":[{\"@type\":\"ListItem\",\"position\":1,\"name\":\"Startseite\",\"item\":\"https:\\\/\\\/feinraum-immobilien.de\\\/\"},{\"@type\":\"ListItem\",\"position\":2,\"name\":\"Impressum\"}]},{\"@type\":\"WebSite\",\"@id\":\"https:\\\/\\\/feinraum-immobilien.de\\\/#website\",\"url\":\"https:\\\/\\\/feinraum-immobilien.de\\\/\",\"name\":\"feinRAUM Immobilien Daniela Wolpert\",\"description\":\"Immobilienmakler in G\u00f6ttingen\",\"publisher\":{\"@id\":\"https:\\\/\\\/feinraum-immobilien.de\\\/#organization\"},\"potentialAction\":[{\"@type\":\"SearchAction\",\"target\":{\"@type\":\"EntryPoint\",\"urlTemplate\":\"https:\\\/\\\/feinraum-immobilien.de\\\/?s={search_term_string}\"},\"query-input\":{\"@type\":\"PropertyValueSpecification\",\"valueRequired\":true,\"valueName\":\"search_term_string\"}}],\"inLanguage\":\"en-US\"},{\"@type\":\"Organization\",\"@id\":\"https:\\\/\\\/feinraum-immobilien.de\\\/#organization\",\"name\":\"feinRAUM Immobilien\",\"url\":\"https:\\\/\\\/feinraum-immobilien.de\\\/\",\"logo\":{\"@type\":\"ImageObject\",\"inLanguage\":\"en-US\",\"@id\":\"https:\\\/\\\/feinraum-immobilien.de\\\/#\\\/schema\\\/logo\\\/image\\\/\",\"url\":\"https:\\\/\\\/feinraum-immobilien.de\\\/wp-content\\\/uploads\\\/2017\\\/03\\\/Logo-feinraum-druck-final.png\",\"contentUrl\":\"https:\\\/\\\/feinraum-immobilien.de\\\/wp-content\\\/uploads\\\/2017\\\/03\\\/Logo-feinraum-druck-final.png\",\"width\":198,\"height\":227,\"caption\":\"feinRAUM Immobilien\"},\"image\":{\"@id\":\"https:\\\/\\\/feinraum-immobilien.de\\\/#\\\/schema\\\/logo\\\/image\\\/\"}}]}<\/script>\n<!-- \/ Yoast SEO plugin. -->","yoast_head_json":{"title":"Impressum - feinRAUM Immobilien Daniela Wolpert","robots":{"index":"noindex","follow":"nofollow"},"og_locale":"en_US","og_type":"article","og_title":"Impressum - feinRAUM Immobilien Daniela Wolpert","og_description":"Impressum Angaben gem\u00e4\u00df \u00a7 5 TMG: Daniela WolpertfeinRAUM ImmobilienKarl-Gr\u00fcneklee-Str. 22a37077\u00a0G\u00f6ttingen Kontakt: Telefon: 0551 770 770 15Telefax: 0551 770 770 16E-Mail: info@feinraum-immobilien.de Umsatzsteuer-ID: Umsatzsteuer-Identifikationsnummer gem\u00e4\u00df \u00a727 a Umsatzsteuergesetz: USt-IdNr.: DE337424115 Angaben zur Berufshaftpflichtversicherung: Name und Sitz der\u00a0Gesellschaft: Hiscox Insurance Company Ltd.Hiscox Europe Underwriting LimitedZweigniederlassung f\u00fcr die Bundesrepublik DeutschlandHauptbevollm\u00e4chtigter: RobertDietrich Arnulfstra\u00dfe 3180636 M\u00fcnchen Geltungsraum der Versicherung:Deutschland Hinweis [&hellip;]","og_url":"https:\/\/feinraum-immobilien.de\/en\/impressum","og_site_name":"feinRAUM Immobilien Daniela Wolpert","article_modified_time":"2021-12-01T17:53:12+00:00","twitter_card":"summary_large_image","twitter_misc":{"Est. reading time":"2 minutes"},"schema":{"@context":"https:\/\/schema.org","@graph":[{"@type":"WebPage","@id":"https:\/\/feinraum-immobilien.de\/en\/impressum","url":"https:\/\/feinraum-immobilien.de\/en\/impressum","name":"Impressum - feinRAUM Immobilien Daniela Wolpert","isPartOf":{"@id":"https:\/\/feinraum-immobilien.de\/#website"},"datePublished":"2021-04-07T18:42:43+00:00","dateModified":"2021-12-01T17:53:12+00:00","breadcrumb":{"@id":"https:\/\/feinraum-immobilien.de\/en\/impressum#breadcrumb"},"inLanguage":"en-US","potentialAction":[{"@type":"ReadAction","target":["https:\/\/feinraum-immobilien.de\/en\/impressum"]}]},{"@type":"BreadcrumbList","@id":"https:\/\/feinraum-immobilien.de\/en\/impressum#breadcrumb","itemListElement":[{"@type":"ListItem","position":1,"name":"Startseite","item":"https:\/\/feinraum-immobilien.de\/"},{"@type":"ListItem","position":2,"name":"Impressum"}]},{"@type":"WebSite","@id":"https:\/\/feinraum-immobilien.de\/#website","url":"https:\/\/feinraum-immobilien.de\/","name":"feinRAUM Immobilien Daniela Wolpert","description":"Immobilienmakler in G\u00f6ttingen","publisher":{"@id":"https:\/\/feinraum-immobilien.de\/#organization"},"potentialAction":[{"@type":"SearchAction","target":{"@type":"EntryPoint","urlTemplate":"https:\/\/feinraum-immobilien.de\/?s={search_term_string}"},"query-input":{"@type":"PropertyValueSpecification","valueRequired":true,"valueName":"search_term_string"}}],"inLanguage":"en-US"},{"@type":"Organization","@id":"https:\/\/feinraum-immobilien.de\/#organization","name":"feinRAUM Immobilien","url":"https:\/\/feinraum-immobilien.de\/","logo":{"@type":"ImageObject","inLanguage":"en-US","@id":"https:\/\/feinraum-immobilien.de\/#\/schema\/logo\/image\/","url":"https:\/\/feinraum-immobilien.de\/wp-content\/uploads\/2017\/03\/Logo-feinraum-druck-final.png","contentUrl":"https:\/\/feinraum-immobilien.de\/wp-content\/uploads\/2017\/03\/Logo-feinraum-druck-final.png","width":198,"height":227,"caption":"feinRAUM Immobilien"},"image":{"@id":"https:\/\/feinraum-immobilien.de\/#\/schema\/logo\/image\/"}}]}},"_links":{"self":[{"href":"https:\/\/feinraum-immobilien.de\/en\/wp-json\/wp\/v2\/pages\/3926","targetHints":{"allow":["GET"]}}],"collection":[{"href":"https:\/\/feinraum-immobilien.de\/en\/wp-json\/wp\/v2\/pages"}],"about":[{"href":"https:\/\/feinraum-immobilien.de\/en\/wp-json\/wp\/v2\/types\/page"}],"author":[{"embeddable":true,"href":"https:\/\/feinraum-immobilien.de\/en\/wp-json\/wp\/v2\/users\/1"}],"replies":[{"embeddable":true,"href":"https:\/\/feinraum-immobilien.de\/en\/wp-json\/wp\/v2\/comments?post=3926"}],"version-history":[{"count":11,"href":"https:\/\/feinraum-immobilien.de\/en\/wp-json\/wp\/v2\/pages\/3926\/revisions"}],"predecessor-version":[{"id":5211,"href":"https:\/\/feinraum-immobilien.de\/en\/wp-json\/wp\/v2\/pages\/3926\/revisions\/5211"}],"wp:attachment":[{"href":"https:\/\/feinraum-immobilien.de\/en\/wp-json\/wp\/v2\/media?parent=3926"}],"curies":[{"name":"wp","href":"https:\/\/api.w.org\/{rel}","templated":true}]}}